{"id":90,"date":"2013-08-23T19:30:27","date_gmt":"2013-08-23T19:30:27","guid":{"rendered":"http:\/\/127.0.0.1\/wordpress\/?page_id=90"},"modified":"2023-11-22T21:14:56","modified_gmt":"2023-11-22T21:14:56","slug":"o-nas","status":"publish","type":"page","link":"http:\/\/www.cirkev-krupka.cz\/?page_id=90","title":{"rendered":"O n\u00e1s"},"content":{"rendered":"<p style=\"text-align: left;\">Jsme \u010desk\u00e1, st\u00e1tem registrovan\u00e1 c\u00edrkev, pat\u0159\u00edme ke spole\u010denstv\u00ed C\u00edrkev \u017eiv\u00e9ho Boha, kter\u00e9 m\u00e1 n\u011bkolik sbor\u016f v \u010cech\u00e1ch, na Morav\u011b, na Slezsku i na Slovensku.<\/p>\n<p>Od na\u0161ich za\u010d\u00e1tk\u016f jsme se sch\u00e1zeli jako mal\u00e1 skupinka v\u017edy u n\u011bkoho z\u00a0n\u00e1s doma. A i te\u010f, kdy\u017e u\u017e m\u00e1me v\u011bt\u0161\u00ed prostory v\u00a0Krupce, st\u00e1le se r\u00e1di setk\u00e1v\u00e1me u\u00a0jednoho stolu. Stalo se to osobit\u00fdm rysem na\u0161eho sboru.<\/p>\n<p>M\u00e1me ten n\u00e1zor, \u017ee c\u00edrkv\u00ed m\u00e1 b\u00fdt mnoho a maj\u00ed b\u00fdt r\u016fzn\u00e9, aby si ka\u017ed\u00fd \u010dlov\u011bk na\u0161el pro sebe tu pravou, ve kter\u00e9 se c\u00edt\u00ed dob\u0159e &#8211; sv\u016fj duchovn\u00ed domov.<\/p>\n<p>Jsme otev\u0159eni pro v\u0161echny a m\u00e1me radost z\u00a0ka\u017ed\u00e9ho nov\u011b p\u0159\u00edchoz\u00edho. Najdete u n\u00e1s dom\u00e1c\u00ed prost\u0159ed\u00ed, ve kter\u00e9m prob\u00edr\u00e1me Bo\u017e\u00ed Slovo, spole\u010dn\u011b se modl\u00edme, a prohlubujeme n\u00e1\u0161 vztah s\u00a0Bohem i mezi sebou. \u010casto si tak\u00e9 rad\u00edme s\u00a0b\u011b\u017en\u00fdmi \u017eivotn\u00edmi situacemi a hled\u00e1me na n\u011b \u0159e\u0161en\u00ed v\u00a0souladu s\u00a0Bo\u017e\u00edmi z\u00e1kony. Jedin\u00e1 \u201emetoda\u201c, kterou pou\u017e\u00edv\u00e1me p\u0159i budov\u00e1n\u00ed na\u0161eho sboru, je veden\u00ed Duchem Svat\u00fdm. Po shrom\u00e1\u017ed\u011bn\u00ed si tak\u00e9 v\u017edy r\u00e1di posed\u00edme u \u0161\u00e1lku k\u00e1vy \ud83d\ude42<\/p>\n<p>Jsme otev\u0159en\u00ed tak\u00e9 pro cizince, proto\u017ee dob\u0159e v\u00edme, \u017ee se navz\u00e1jem obohacujeme kulturn\u00edmi, kulin\u00e1\u0159sk\u00fdmi, jazykov\u00fdmi a jin\u00fdmi zvyky a z\u00e1rove\u0148 m\u00e1me mo\u017enost podat pomocnou ruku v\u00a0nelehk\u00fdch za\u010d\u00e1tc\u00edch v\u00a0nov\u00e9 zemi.<\/p>\n<p>P\u0159esto, \u017ee jsme st\u00e1tem registrovan\u00e1 c\u00edrkev, nejsme st\u00e1tem financovan\u00ed a ve\u0161ker\u00e9 v\u00fddaje si hrad\u00edme ze sb\u00edrek a dar\u016f.<\/p>\n<p>Jste mezi n\u00e1s srde\u010dn\u011b zv\u00e1ni a t\u011b\u0161\u00edme se na v\u00e1s.<\/p>\n<p>pasto\u0159\u00ed Sergej a Sv\u011btlana Krasi\u010denkovi<br \/>\nC\u00edrkev \u017eiv\u00e9ho Boha<br \/>\nsbor Krupka<\/p>\n","protected":false},"excerpt":{"rendered":"<p>Jsme \u010desk\u00e1, st\u00e1tem registrovan\u00e1 c\u00edrkev, pat\u0159\u00edme ke spole\u010denstv\u00ed C\u00edrkev \u017eiv\u00e9ho Boha, kter\u00e9 m\u00e1 n\u011bkolik sbor\u016f v \u010cech\u00e1ch, na Morav\u011b, na Slezsku i na Slovensku. Od na\u0161ich za\u010d\u00e1tk\u016f jsme se sch\u00e1zeli jako mal\u00e1 skupinka v\u017edy u n\u011bkoho z\u00a0n\u00e1s doma. A i &hellip; <a href=\"http:\/\/www.cirkev-krupka.cz\/?page_id=90\">Continue reading <span class=\"meta-nav\">&rarr;<\/span><\/a><\/p>\n","protected":false},"author":1,"featured_media":0,"parent":0,"menu_order":0,"comment_status":"closed","ping_status":"closed","template":"basicpage.php","meta":{"footnotes":""},"class_list":["post-90","page","type-page","status-publish","hentry"],"_links":{"self":[{"href":"http:\/\/www.cirkev-krupka.cz\/index.php?rest_route=\/wp\/v2\/pages\/90"}],"collection":[{"href":"http:\/\/www.cirkev-krupka.cz\/index.php?rest_route=\/wp\/v2\/pages"}],"about":[{"href":"http:\/\/www.cirkev-krupka.cz\/index.php?rest_route=\/wp\/v2\/types\/page"}],"author":[{"embeddable":true,"href":"http:\/\/www.cirkev-krupka.cz\/index.php?rest_route=\/wp\/v2\/users\/1"}],"replies":[{"embeddable":true,"href":"http:\/\/www.cirkev-krupka.cz\/index.php?rest_route=%2Fwp%2Fv2%2Fcomments&post=90"}],"version-history":[{"count":9,"href":"http:\/\/www.cirkev-krupka.cz\/index.php?rest_route=\/wp\/v2\/pages\/90\/revisions"}],"predecessor-version":[{"id":336,"href":"http:\/\/www.cirkev-krupka.cz\/index.php?rest_route=\/wp\/v2\/pages\/90\/revisions\/336"}],"wp:attachment":[{"href":"http:\/\/www.cirkev-krupka.cz\/index.php?rest_route=%2Fwp%2Fv2%2Fmedia&parent=90"}],"curies":[{"name":"wp","href":"https:\/\/api.w.org\/{rel}","templated":true}]}}