{"id":71,"date":"2013-08-18T17:16:24","date_gmt":"2013-08-18T17:16:24","guid":{"rendered":"http:\/\/127.0.0.1\/wordpress\/?page_id=71"},"modified":"2013-08-23T19:18:57","modified_gmt":"2013-08-23T19:18:57","slug":"normalni-pokusna-stranka","status":"publish","type":"page","link":"http:\/\/www.cirkev-krupka.cz\/?page_id=71","title":{"rendered":"normalni pokusna stranka"},"content":{"rendered":"<p>normalni stranka s textem.te asdf\u016f lkasdf\u00a7kl\u016fa sdf\u00a7akl\u016fasfkl\u016fsa\u00a7\u016f kaskl\u016f asd\u016ffklasdf asftlk\u016fasdf asdfl\u016fak asd\u016f laskdf asdf \u016f\u00a7sdlfk asdl\u016f asd \u016faslktosdf \u00a7asc\u016f,awrt,. a<\/p>\n<p>d<\/p>\n<p>asdg<\/p>\n<p>asdgasgasgsg<\/p>\n<p>&nbsp;<\/p>\n<p>normalni stranka s textem.te asdf\u016f lkasdf\u00a7kl\u016fa sdf\u00a7akl\u016fasfkl\u016fsa\u00a7\u016f kaskl\u016f asd\u016ffklasdf asftlk\u016fasdf asdfl\u016fak asd\u016f laskdf asdf \u016f\u00a7sdlfk asdl\u016f asd \u016faslktosdf \u00a7asc\u016f,awrt,. a<\/p>\n<p>d<\/p>\n<p>asdg<\/p>\n<p>asdgasgasgsg<\/p>\n<p>normalni stranka s textem.te asdf\u016f lkasdf\u00a7kl\u016fa sdf\u00a7akl\u016fasfkl\u016fsa\u00a7\u016f kaskl\u016f asd\u016ffklasdf asftlk\u016fasdf asdfl\u016fak asd\u016f laskdf asdf \u016f\u00a7sdlfk asdl\u016f asd \u016faslktosdf \u00a7asc\u016f,awrt,. a<\/p>\n<p>d<\/p>\n<p>asdg<\/p>\n<p>asdgasgasgsg<\/p>\n<p>normalni stranka s textem.te asdf\u016f lkasdf\u00a7kl\u016fa sdf\u00a7akl\u016fasfkl\u016fsa\u00a7\u016f kaskl\u016f asd\u016ffklasdf asftlk\u016fasdf asdfl\u016fak asd\u016f laskdf asdf \u016f\u00a7sdlfk asdl\u016f asd \u016faslktosdf \u00a7asc\u016f,awrt,. a<\/p>\n<p>d<\/p>\n<p>asdg<\/p>\n<p>asdgasgasgsg<\/p>\n<p>&nbsp;<\/p>\n<p><a href=\"http:\/\/127.0.0.1\/wordpress\"> Zp\u011bt  <\/a><\/p>\n","protected":false},"excerpt":{"rendered":"<p>normalni stranka s textem.te asdf\u016f lkasdf\u00a7kl\u016fa sdf\u00a7akl\u016fasfkl\u016fsa\u00a7\u016f kaskl\u016f asd\u016ffklasdf asftlk\u016fasdf asdfl\u016fak asd\u016f laskdf asdf \u016f\u00a7sdlfk asdl\u016f asd \u016faslktosdf \u00a7asc\u016f,awrt,. a d asdg asdgasgasgsg &nbsp; normalni stranka s textem.te asdf\u016f lkasdf\u00a7kl\u016fa sdf\u00a7akl\u016fasfkl\u016fsa\u00a7\u016f kaskl\u016f asd\u016ffklasdf asftlk\u016fasdf asdfl\u016fak asd\u016f laskdf asdf \u016f\u00a7sdlfk asdl\u016f &hellip; <a href=\"http:\/\/www.cirkev-krupka.cz\/?page_id=71\">Continue reading <span class=\"meta-nav\">&rarr;<\/span><\/a><\/p>\n","protected":false},"author":1,"featured_media":0,"parent":0,"menu_order":0,"comment_status":"closed","ping_status":"closed","template":"basicpage.php","meta":{"footnotes":""},"class_list":["post-71","page","type-page","status-publish","hentry"],"_links":{"self":[{"href":"http:\/\/www.cirkev-krupka.cz\/index.php?rest_route=\/wp\/v2\/pages\/71"}],"collection":[{"href":"http:\/\/www.cirkev-krupka.cz\/index.php?rest_route=\/wp\/v2\/pages"}],"about":[{"href":"http:\/\/www.cirkev-krupka.cz\/index.php?rest_route=\/wp\/v2\/types\/page"}],"author":[{"embeddable":true,"href":"http:\/\/www.cirkev-krupka.cz\/index.php?rest_route=\/wp\/v2\/users\/1"}],"replies":[{"embeddable":true,"href":"http:\/\/www.cirkev-krupka.cz\/index.php?rest_route=%2Fwp%2Fv2%2Fcomments&post=71"}],"version-history":[{"count":3,"href":"http:\/\/www.cirkev-krupka.cz\/index.php?rest_route=\/wp\/v2\/pages\/71\/revisions"}],"predecessor-version":[{"id":88,"href":"http:\/\/www.cirkev-krupka.cz\/index.php?rest_route=\/wp\/v2\/pages\/71\/revisions\/88"}],"wp:attachment":[{"href":"http:\/\/www.cirkev-krupka.cz\/index.php?rest_route=%2Fwp%2Fv2%2Fmedia&parent=71"}],"curies":[{"name":"wp","href":"https:\/\/api.w.org\/{rel}","templated":true}]}}