{"id":13,"date":"2013-08-15T11:51:58","date_gmt":"2013-08-15T11:51:58","guid":{"rendered":"http:\/\/127.0.0.1\/wordpress\/?page_id=13"},"modified":"2024-08-15T20:30:23","modified_gmt":"2024-08-15T20:30:23","slug":"main-page","status":"publish","type":"page","link":"http:\/\/www.cirkev-krupka.cz\/","title":{"rendered":"<div style=\"display:none\"> Hlavni Stranka <\/div>"},"content":{"rendered":"\r\n<div class=\"wp-block-columns is-layout-flex wp-container-core-columns-is-layout-1 wp-block-columns-is-layout-flex\">\r\n<div class=\"wp-block-column is-layout-flow wp-block-column-is-layout-flow\">\r\n<div style=\"font-family: Insula,cursive; font-size: 1.6em; width: 220px;\">\r\n<p>\r\n\r\nV\u017edy\u0165 B\u016fh neposlal sv\u00e9ho Syna na sv\u011bt, aby sv\u011bt soudil, ale aby skrze n\u011bj byl sv\u011bt spasen.\r\n<\/p>\r\n<\/div>\r\n\r\n<div style=\"font-family: Insula,cursive; font-size: 1.4em; width: 220px;text-align:right\"> Jan 3:17<\/div>\r\n\r\n<br\/>\r\n<br\/>\r\n<br\/>\r\n<\/div>\r\n\r\n\r\n\r\n<div class=\"wp-block-column is-layout-flow wp-block-column-is-layout-flow\"><\/div>\r\n\r\n\r\n\r\n<div class=\"wp-block-column is-layout-flow wp-block-column-is-layout-flow\">\r\n<div class=\"wp-block-group\"><div class=\"wp-block-group__inner-container is-layout-flow wp-block-group-is-layout-flow\">\r\n<h2 class=\"entry-menu\"><a href=\"?page_id=90\"> O n\u00e1s <\/a><\/h2>\r\n\r\n<h2 class=\"entry-menu\"><a href=\"?page_id=128\"> Aktuality <\/a><\/h2>\r\n\r\n<h2 class=\"entry-menu\"><a href=\"?page_id=105\"> \u010cemu v\u011b\u0159\u00edme <\/a><\/h2> \r\n\r\n<h2 class=\"entry-menu\"><a href=\"?page_id=122\"> Kontakty <\/a><\/h2>\r\n\r\n<h2 class=\"entry-menu\"><a href=\"https:\/\/www.youtube.com\/channel\/UCae8Hf57_d2WwpjVS58JIFw\"> K\u00e1z\u00e1n\u00ed <\/a><\/h2>\r\n<\/div><\/div>\r\n<\/div>\r\n<\/div>\r\n\r\n\r\n\r\n\r\n","protected":false},"excerpt":{"rendered":"<p>V\u017edy\u0165 B\u016fh neposlal sv\u00e9ho Syna na sv\u011bt, aby sv\u011bt soudil, ale aby skrze n\u011bj byl sv\u011bt spasen. Jan 3:17 O n\u00e1s Aktuality \u010cemu v\u011b\u0159\u00edme Kontakty K\u00e1z\u00e1n\u00ed<\/p>\n","protected":false},"author":1,"featured_media":0,"parent":0,"menu_order":0,"comment_status":"closed","ping_status":"closed","template":"mainpage.php","meta":{"footnotes":""},"class_list":["post-13","page","type-page","status-publish","hentry"],"_links":{"self":[{"href":"http:\/\/www.cirkev-krupka.cz\/index.php?rest_route=\/wp\/v2\/pages\/13"}],"collection":[{"href":"http:\/\/www.cirkev-krupka.cz\/index.php?rest_route=\/wp\/v2\/pages"}],"about":[{"href":"http:\/\/www.cirkev-krupka.cz\/index.php?rest_route=\/wp\/v2\/types\/page"}],"author":[{"embeddable":true,"href":"http:\/\/www.cirkev-krupka.cz\/index.php?rest_route=\/wp\/v2\/users\/1"}],"replies":[{"embeddable":true,"href":"http:\/\/www.cirkev-krupka.cz\/index.php?rest_route=%2Fwp%2Fv2%2Fcomments&post=13"}],"version-history":[{"count":61,"href":"http:\/\/www.cirkev-krupka.cz\/index.php?rest_route=\/wp\/v2\/pages\/13\/revisions"}],"predecessor-version":[{"id":370,"href":"http:\/\/www.cirkev-krupka.cz\/index.php?rest_route=\/wp\/v2\/pages\/13\/revisions\/370"}],"wp:attachment":[{"href":"http:\/\/www.cirkev-krupka.cz\/index.php?rest_route=%2Fwp%2Fv2%2Fmedia&parent=13"}],"curies":[{"name":"wp","href":"https:\/\/api.w.org\/{rel}","templated":true}]}}