{"id":128,"date":"2013-09-13T12:32:01","date_gmt":"2013-09-13T12:32:01","guid":{"rendered":"http:\/\/127.0.0.1\/wordpress\/?page_id=128"},"modified":"2024-08-15T20:52:47","modified_gmt":"2024-08-15T20:52:47","slug":"chystame","status":"publish","type":"page","link":"http:\/\/www.cirkev-krupka.cz\/?page_id=128","title":{"rendered":"chyst\u00e1me"},"content":{"rendered":"<p><strong>9.4.2017<\/strong><br \/>\nV ned\u011bli 9.4.2017 bude evangelizace na Velikono\u010dn\u00edm jarmarku v Krupce.<br \/>\nZa\u010d\u00e1tek v 10:00<br \/>\nV\u0161ichni jsou srde\u010dn\u011b zv\u00e1ni.<\/p>\n<p>P\u0159i po\u010dtu v\u00edce ne\u017e 7 z\u00e1jemc\u016f uspo\u0159\u00e1d\u00e1me <strong>shrom\u00e1\u017ed\u011bn\u00ed v rusk\u00e9m jazyce v ned\u011bli od 14:00<\/strong><br \/>\nZ\u00e1jemci, kontaktujte n\u00e1s \ud83d\ude42<\/p>\n","protected":false},"excerpt":{"rendered":"<p>9.4.2017 V ned\u011bli 9.4.2017 bude evangelizace na Velikono\u010dn\u00edm jarmarku v Krupce. Za\u010d\u00e1tek v 10:00 V\u0161ichni jsou srde\u010dn\u011b zv\u00e1ni. P\u0159i po\u010dtu v\u00edce ne\u017e 7 z\u00e1jemc\u016f uspo\u0159\u00e1d\u00e1me shrom\u00e1\u017ed\u011bn\u00ed v rusk\u00e9m jazyce v ned\u011bli od 14:00 Z\u00e1jemci, kontaktujte n\u00e1s \ud83d\ude42<\/p>\n","protected":false},"author":1,"featured_media":0,"parent":0,"menu_order":0,"comment_status":"closed","ping_status":"closed","template":"basicpage.php","meta":{"footnotes":""},"class_list":["post-128","page","type-page","status-publish","hentry"],"_links":{"self":[{"href":"http:\/\/www.cirkev-krupka.cz\/index.php?rest_route=\/wp\/v2\/pages\/128"}],"collection":[{"href":"http:\/\/www.cirkev-krupka.cz\/index.php?rest_route=\/wp\/v2\/pages"}],"about":[{"href":"http:\/\/www.cirkev-krupka.cz\/index.php?rest_route=\/wp\/v2\/types\/page"}],"author":[{"embeddable":true,"href":"http:\/\/www.cirkev-krupka.cz\/index.php?rest_route=\/wp\/v2\/users\/1"}],"replies":[{"embeddable":true,"href":"http:\/\/www.cirkev-krupka.cz\/index.php?rest_route=%2Fwp%2Fv2%2Fcomments&post=128"}],"version-history":[{"count":13,"href":"http:\/\/www.cirkev-krupka.cz\/index.php?rest_route=\/wp\/v2\/pages\/128\/revisions"}],"predecessor-version":[{"id":341,"href":"http:\/\/www.cirkev-krupka.cz\/index.php?rest_route=\/wp\/v2\/pages\/128\/revisions\/341"}],"wp:attachment":[{"href":"http:\/\/www.cirkev-krupka.cz\/index.php?rest_route=%2Fwp%2Fv2%2Fmedia&parent=128"}],"curies":[{"name":"wp","href":"https:\/\/api.w.org\/{rel}","templated":true}]}}