{"id":122,"date":"2013-09-13T12:07:01","date_gmt":"2013-09-13T12:07:01","guid":{"rendered":"http:\/\/127.0.0.1\/wordpress\/?page_id=122"},"modified":"2023-11-22T21:20:06","modified_gmt":"2023-11-22T21:20:06","slug":"kontakty","status":"publish","type":"page","link":"http:\/\/www.cirkev-krupka.cz\/?page_id=122","title":{"rendered":"Kontakty"},"content":{"rendered":"<p><strong>Pasto\u0159i: Sergej a Sv\u011btlana Krasi\u010denkov\u00ed<br \/>\n<\/strong><\/p>\n<p><strong>Telefon<\/strong>: 603 870 960, 603 870 958<br \/>\n<strong>Email:<\/strong> cirkev.krupka@centrum.cz<br \/>\n<strong> Youtube <\/strong> <a href=\"https:\/\/www.youtube.com\/channel\/UCae8Hf57_d2WwpjVS58JIFw\">Youtube<\/a><\/p>\n<p><strong>Pravideln\u00e1 shrom\u00e1\u017ed\u011bni:<\/strong><br \/>\nNed\u011bli 10:30 &#8211; 13:00<br \/>\nSt\u0159eda 18:00 &#8211; 19:30, b\u011bhem zimn\u00edho \u010dasu 17:00 &#8211; 18:30<\/p>\n<p><strong>Na adrese:<\/strong><br \/>\nM\u00edrov\u00e9 n\u00e1m\u011bst\u00ed 51\/45<br \/>\nKrupka 41742<\/p>\n<p><a href=\"http:\/\/www.mapy.cz\/s\/8tNV\" target=\"_blank\" rel=\"noopener\">Mapa<\/a><br \/>\n<a href=\"http:\/\/www.mapy.cz\/s\/8tNV\" target=\"_blank\" rel=\"noopener\"><img decoding=\"async\" src=\"http:\/\/127.0.0.1\/wordpress\/wp-content\/uploads\/2013\/09\/mapa.jpg\" alt=\"\"><\/a><\/p>\n<p>V\u00edce na: <a href=\"http:\/\/www.cirkevzivehoboha.cz\">http:\/\/www.cirkevzivehoboha.cz<\/a><\/p>\n","protected":false},"excerpt":{"rendered":"<p>Pasto\u0159i: Sergej a Sv\u011btlana Krasi\u010denkov\u00ed Telefon: 603 870 960, 603 870 958 Email: cirkev.krupka@centrum.cz Youtube Youtube Pravideln\u00e1 shrom\u00e1\u017ed\u011bni: Ned\u011bli 10:30 &#8211; 13:00 St\u0159eda 18:00 &#8211; 19:30, b\u011bhem zimn\u00edho \u010dasu 17:00 &#8211; 18:30 Na adrese: M\u00edrov\u00e9 n\u00e1m\u011bst\u00ed 51\/45 Krupka 41742 Mapa &hellip; <a href=\"http:\/\/www.cirkev-krupka.cz\/?page_id=122\">Continue reading <span class=\"meta-nav\">&rarr;<\/span><\/a><\/p>\n","protected":false},"author":1,"featured_media":0,"parent":0,"menu_order":0,"comment_status":"closed","ping_status":"closed","template":"basicpage.php","meta":{"footnotes":""},"class_list":["post-122","page","type-page","status-publish","hentry"],"_links":{"self":[{"href":"http:\/\/www.cirkev-krupka.cz\/index.php?rest_route=\/wp\/v2\/pages\/122"}],"collection":[{"href":"http:\/\/www.cirkev-krupka.cz\/index.php?rest_route=\/wp\/v2\/pages"}],"about":[{"href":"http:\/\/www.cirkev-krupka.cz\/index.php?rest_route=\/wp\/v2\/types\/page"}],"author":[{"embeddable":true,"href":"http:\/\/www.cirkev-krupka.cz\/index.php?rest_route=\/wp\/v2\/users\/1"}],"replies":[{"embeddable":true,"href":"http:\/\/www.cirkev-krupka.cz\/index.php?rest_route=%2Fwp%2Fv2%2Fcomments&post=122"}],"version-history":[{"count":22,"href":"http:\/\/www.cirkev-krupka.cz\/index.php?rest_route=\/wp\/v2\/pages\/122\/revisions"}],"predecessor-version":[{"id":339,"href":"http:\/\/www.cirkev-krupka.cz\/index.php?rest_route=\/wp\/v2\/pages\/122\/revisions\/339"}],"wp:attachment":[{"href":"http:\/\/www.cirkev-krupka.cz\/index.php?rest_route=%2Fwp%2Fv2%2Fmedia&parent=122"}],"curies":[{"name":"wp","href":"https:\/\/api.w.org\/{rel}","templated":true}]}}