{"id":105,"date":"2013-08-23T19:43:22","date_gmt":"2013-08-23T19:43:22","guid":{"rendered":"http:\/\/127.0.0.1\/wordpress\/?page_id=105"},"modified":"2013-09-14T21:53:17","modified_gmt":"2013-09-14T21:53:17","slug":"cemu-verime","status":"publish","type":"page","link":"http:\/\/www.cirkev-krupka.cz\/?page_id=105","title":{"rendered":"\u010cemu v\u011b\u0159\u00edme"},"content":{"rendered":"<ol>\n<li>V\u011b\u0159\u00edme, \u017ee Bible je Bo\u017e\u00ed slovo inspirovan\u00e9 Duchem Svat\u00fdm.<\/li>\n<li>V\u011b\u0159\u00edme, \u017ee je jeden B\u016fh, v\u011b\u010dn\u011b existuj\u00edc\u00ed ve t\u0159ech sob\u011b rovnocenn\u00fdch osob\u00e1ch: Otec, Syn a Duch Svat\u00fd.<\/li>\n<li>V\u011b\u0159\u00edme, \u017ee \u010dlov\u011bk byl stvo\u0159en se svobodnou v\u016fl\u00ed, k Bo\u017e\u00edmu obrazu. Pot\u00e9 byl pokou\u0161en satanem, selhal, a proto jsou v\u0161ichni lid\u00e9 h\u0159\u00ed\u0161n\u00ed &#8211; duchovn\u011b mrtv\u00ed.<\/li>\n<li>V\u011b\u0159\u00edme v Bo\u017e\u00edho syna Je\u017e\u00ed\u0161e Krista, v Jeho neposkvrn\u011bn\u00e9 narozen\u00ed, bezh\u0159\u00ed\u0161n\u00fd \u017eivot a z\u00e1zraky. V\u011b\u0159\u00edme, \u017ee trp\u011bl, prolil svou krev a zem\u0159el na k\u0159\u00ed\u017ei. T\u0159et\u00ed den vstal z mrtv\u00fdch, vystoupil na nebe a je po pravici Otce, kde se p\u0159imlouv\u00e1 za n\u00e1s.<\/li>\n<li>V\u011b\u0159\u00edme v jedinou z\u00e1chranu z duchovn\u00ed smrti, nemoci a chudoby, kter\u00e1 n\u00e1m je dostupn\u00e1 pouze skrze v\u00edru v Je\u017e\u00ed\u0161ovu z\u00e1stupnou ob\u011b\u0165 na k\u0159\u00ed\u017ei. Vyzn\u00e1n\u00edm v\u00edry v Je\u017e\u00ed\u0161e Krista se znovuzrod\u00edme, jsou n\u00e1m odpu\u0161t\u011bny h\u0159\u00edchy, st\u00e1v\u00e1me se spravedliv\u00fdmi a z\u00edsk\u00e1v\u00e1me v\u011b\u010dn\u00fd \u017eivot.<\/li>\n<li>V\u011b\u0159\u00edme v osobn\u00ed vztah s miluj\u00edc\u00edm Bohem, ve v\u00edt\u011bzstv\u00ed a autoritu nad \u010f\u00e1blem, h\u0159\u00edchem, nemocemi, d\u00e9mony a chudobou. \u017divot ve v\u00edt\u011bzstv\u00ed je podm\u00edn\u011bn prom\u011bnou na\u0161\u00ed mysli Bo\u017e\u00edm slovem.<\/li>\n<li>V\u011b\u0159\u00edme, \u017ee C\u00edrkev je t\u011blo Kristovo, kter\u00e9 tvo\u0159\u00ed ti, kdo se znovu narodili a byli pok\u0159t\u011bni ve vod\u011b.<\/li>\n<li>V\u011b\u0159\u00edme v k\u0159est v Duchu Svat\u00e9m, kter\u00fd je potvrzen mluven\u00edm v nov\u00fdch jazyc\u00edch. V\u011b\u0159\u00edme, \u017ee k r\u016fstu a budov\u00e1n\u00ed t\u011bla Kristova jsou dostupn\u00e9 i dnes v\u0161echny dary Ducha Svat\u00e9ho.<\/li>\n<li>V\u011b\u0159\u00edme v duchovn\u00ed jednotu v\u011b\u0159\u00edc\u00edch v na\u0161em P\u00e1nu, Je\u017e\u00ed\u0161i Kristu.<\/li>\n<li>V\u011b\u0159\u00edme, \u017ee Kristus zalo\u017eil C\u00edrkev, aby \u0161la do cel\u00e9ho sv\u011bta a hl\u00e1sala evangelium ka\u017ed\u00e9mu \u010dlov\u011bku, k\u0159tila a u\u010dila toho, kdo uv\u011b\u0159\u00ed.<\/li>\n<li>V\u011b\u0159\u00edme v duchovn\u00ed probuzen\u00ed a ve vytr\u017een\u00ed C\u00edrkve p\u0159ed Velk\u00fdm sou\u017een\u00edm.<\/li>\n<li>V\u011b\u0159\u00edme, \u017ee Krist\u016fv n\u00e1vrat je bl\u00edzko a bude viditeln\u00fd, osobn\u00ed, pln\u00fd moci a sl\u00e1vy.<\/li>\n<\/ol>\n","protected":false},"excerpt":{"rendered":"<p>V\u011b\u0159\u00edme, \u017ee Bible je Bo\u017e\u00ed slovo inspirovan\u00e9 Duchem Svat\u00fdm. V\u011b\u0159\u00edme, \u017ee je jeden B\u016fh, v\u011b\u010dn\u011b existuj\u00edc\u00ed ve t\u0159ech sob\u011b rovnocenn\u00fdch osob\u00e1ch: Otec, Syn a Duch Svat\u00fd. V\u011b\u0159\u00edme, \u017ee \u010dlov\u011bk byl stvo\u0159en se svobodnou v\u016fl\u00ed, k Bo\u017e\u00edmu obrazu. Pot\u00e9 byl pokou\u0161en &hellip; <a href=\"http:\/\/www.cirkev-krupka.cz\/?page_id=105\">Continue reading <span class=\"meta-nav\">&rarr;<\/span><\/a><\/p>\n","protected":false},"author":1,"featured_media":0,"parent":0,"menu_order":0,"comment_status":"closed","ping_status":"closed","template":"basicpage.php","meta":{"footnotes":""},"class_list":["post-105","page","type-page","status-publish","hentry"],"_links":{"self":[{"href":"http:\/\/www.cirkev-krupka.cz\/index.php?rest_route=\/wp\/v2\/pages\/105"}],"collection":[{"href":"http:\/\/www.cirkev-krupka.cz\/index.php?rest_route=\/wp\/v2\/pages"}],"about":[{"href":"http:\/\/www.cirkev-krupka.cz\/index.php?rest_route=\/wp\/v2\/types\/page"}],"author":[{"embeddable":true,"href":"http:\/\/www.cirkev-krupka.cz\/index.php?rest_route=\/wp\/v2\/users\/1"}],"replies":[{"embeddable":true,"href":"http:\/\/www.cirkev-krupka.cz\/index.php?rest_route=%2Fwp%2Fv2%2Fcomments&post=105"}],"version-history":[{"count":3,"href":"http:\/\/www.cirkev-krupka.cz\/index.php?rest_route=\/wp\/v2\/pages\/105\/revisions"}],"predecessor-version":[{"id":202,"href":"http:\/\/www.cirkev-krupka.cz\/index.php?rest_route=\/wp\/v2\/pages\/105\/revisions\/202"}],"wp:attachment":[{"href":"http:\/\/www.cirkev-krupka.cz\/index.php?rest_route=%2Fwp%2Fv2%2Fmedia&parent=105"}],"curies":[{"name":"wp","href":"https:\/\/api.w.org\/{rel}","templated":true}]}}